{"id":2593,"date":"2018-03-21T19:28:47","date_gmt":"2018-03-21T19:28:47","guid":{"rendered":"http:\/\/riomare-ml.secure-lampi.com\/il-pesce-rio-mare-per-i-bambini\/"},"modified":"2019-05-23T14:15:41","modified_gmt":"2019-05-23T14:15:41","slug":"rio-mare-for-healthier-stronger-children","status":"publish","type":"page","link":"https:\/\/www.riomare.se\/en\/rio-mare-for-healthier-stronger-children\/","title":{"rendered":"Rio Mare for healthier, stronger children"},"content":{"rendered":"\n  <div class=\"banner has-hover\" id=\"banner-620070884\">\n          <div class=\"banner-inner fill\">\n        <div class=\"banner-bg fill\" >\n            <div class=\"bg fill bg-fill \"><\/div>\n                                    \n                    <\/div>\n\t\t\n        <div class=\"banner-layers container\">\n            <div class=\"fill banner-link\"><\/div>            \n        <\/div>\n      <\/div>\n\n            \n<style>\n#banner-620070884 {\n  padding-top: 700px;\n}\n#banner-620070884 .bg.bg-loaded {\n  background-image: url(https:\/\/www.riomare.se\/wp-content\/uploads\/2018\/03\/68-1024x473.jpg);\n}\n#banner-620070884 .ux-shape-divider--top svg {\n  height: 150px;\n  --divider-top-width: 100%;\n}\n#banner-620070884 .ux-shape-divider--bottom svg {\n  height: 150px;\n  --divider-width: 100%;\n}\n<\/style>\n  <\/div>\n\n\n\t<section class=\"section\" id=\"section_1213314284\">\n\t\t<div class=\"bg section-bg fill bg-fill  bg-loaded\" >\n\n\t\t\t\n\t\t\t\n\t\t\t\n\n\t\t<\/div>\n\n\t\t\n\n\t\t<div class=\"section-content relative\">\n\t\t\t\n<div class=\"row row-collapse align-middle\"  id=\"row-141505097\">\n\n\t<div id=\"col-11975071\" class=\"col medium-6 small-12 large-6\"  >\n\t\t\t\t<div class=\"col-inner\"  >\n\t\t\t\n\t\t\t\n<h3 class=\"plutobold\" style=\"font-size: 40px; margin-top: 0px !important; line-height: 45px;\">Rio Mare for<br \/>stronger children<\/h3>\n<p style=\"color: #008fcc; font-size: 20px; line-height: 25px;\">Fish is an essential foodstuff for everyone, especially for children!<br \/>Here\u2019s why\u2026<\/p>\n<div class=\"sharingIcon\">\u00a0<\/div>\n<p class=\"plutolight\" style=\"margin-top: 20px !important;\">Fish is rich in nutritional components that are essential for growth and an excellent means of boosting developing immune systems.<\/p>\n<p class=\"plutolight\" style=\"margin-top: 20px !important;\">In addition, fish proteins have a high biological value, providing an abundance of vitamins and minerals including phosphorous, calcium, iron, fluoride and iodine. <\/p>\n<p class=\"plutolight\" style=\"margin-top: 0px !important;\">This is why it is important to start eating fish from a young age.<\/p>\n<p class=\"plutolight\" style=\"margin-top: 20px !important;\">Rio Mare Tuna is a practical, healthy way of introducing fish into children\u2019s diets. What\u2019s more they love it, because it\u2019s tasty, contains no bones and has no smell!<\/p>\n\t\t<\/div>\n\t\t\t\t\n<style>\n#col-11975071 > .col-inner {\n  padding: 0px 30px 0px 0px;\n}\n<\/style>\n\t<\/div>\n\n\t\n\n\t<div id=\"col-610650764\" class=\"col medium-6 small-12 large-6\"  >\n\t\t\t\t<div class=\"col-inner\"  >\n\t\t\t\n\t\t\t\n\t<div class=\"img has-hover x md-x lg-x y md-y lg-y\" id=\"image_88204426\">\n\t\t\t\t\t\t\t\t<div class=\"img-inner dark\" >\n\t\t\t<img width=\"600\" height=\"512\" src=\"https:\/\/www.riomare.se\/wp-content\/uploads\/2018\/03\/69.jpg\" class=\"attachment-original size-original\" alt=\"\" decoding=\"async\" loading=\"lazy\" srcset=\"https:\/\/www.riomare.se\/wp-content\/uploads\/2018\/03\/69.jpg 600w, https:\/\/www.riomare.se\/wp-content\/uploads\/2018\/03\/69-300x256.jpg 300w\" sizes=\"(max-width: 600px) 100vw, 600px\" \/>\t\t\t\t\t\t\n\t\t\t\t\t<\/div>\n\t\t\t\t\t\t\t\t\n<style>\n#image_88204426 {\n  width: 100%;\n}\n<\/style>\n\t<\/div>\n\t\n\t\t<\/div>\n\t\t\t\t\t<\/div>\n\n\t\n\n<style>\n#row-141505097 > .col > .col-inner {\n  padding: 0px 15px 0px 15px;\n}\n<\/style>\n<\/div>\n\t\t<\/div>\n\n\t\t\n<style>\n#section_1213314284 {\n  padding-top: 70px;\n  padding-bottom: 70px;\n  background-color: rgb(255, 255, 255);\n}\n#section_1213314284 .ux-shape-divider--top svg {\n  height: 150px;\n  --divider-top-width: 100%;\n}\n#section_1213314284 .ux-shape-divider--bottom svg {\n  height: 150px;\n  --divider-width: 100%;\n}\n<\/style>\n\t<\/section>\n\t\n\t<section class=\"section hoverposts dark\" id=\"section_1892631107\">\n\t\t<div class=\"bg section-bg fill bg-fill  bg-loaded\" >\n\n\t\t\t\n\t\t\t\n\t\t\t\n\n\t\t<\/div>\n\n\t\t\n\n\t\t<div class=\"section-content relative\">\n\t\t\t\n<div class=\"row align-equal rowlarge\"  id=\"row-410011783\">\n\n\t<div id=\"col-1762555666\" class=\"col linkpescenelladieta medium-6 small-12 large-3\"  >\n\t\t\t\t<div class=\"col-inner\"  >\n\t\t\t\n\t\t\t\n<h3 class=\"plutobold\" style=\"padding: 0px 10px; font-size: 24px; line-height: 26px;\">Fish in the<br \/>\nMediterranean Diet<\/h3>\n\t<div class=\"img has-hover x md-x lg-x y md-y lg-y\" id=\"image_2023781043\">\n\t\t<a class=\"\" href=\"\/il-pesce-nella-dieta-mediterranea\/\"  >\t\t\t\t\t\t<div class=\"img-inner dark\" >\n\t\t\t<img width=\"350\" height=\"200\" src=\"https:\/\/www.riomare.se\/wp-content\/uploads\/2018\/04\/shutterstock_415721434.png\" class=\"attachment-large size-large\" alt=\"\" decoding=\"async\" loading=\"lazy\" srcset=\"https:\/\/www.riomare.se\/wp-content\/uploads\/2018\/04\/shutterstock_415721434.png 350w, https:\/\/www.riomare.se\/wp-content\/uploads\/2018\/04\/shutterstock_415721434-300x171.png 300w\" sizes=\"(max-width: 350px) 100vw, 350px\" \/>\t\t\t\t\t\t\n\t\t\t\t\t<\/div>\n\t\t\t\t\t\t<\/a>\t\t\n<style>\n#image_2023781043 {\n  width: 100%;\n}\n<\/style>\n\t<\/div>\n\t\n<p style=\"font-size: 16px; line-height: 20px; padding: 0px 10px !important;\">Proper nutrition plays, together with an active lifestyle, a fundamental role in the prevention of a number of diseases, which are very common nowadays.<\/p>\n<p class=\"plutobold uppercase\" style=\"margin-top: 30px !important; font-size: 18px; padding: 0px 10px !important;\"><a href=\"\/fish-in-the-mediterranean-diet\/ \">Read More<\/a><\/p>\n\t\t<\/div>\n\t\t\t\t\n<style>\n#col-1762555666 > .col-inner {\n  padding: 100px 10px 30px 10px;\n}\n<\/style>\n\t<\/div>\n\n\t\n\n\t<div id=\"col-361985196\" class=\"col linkprezioserisorse medium-6 small-12 large-3\"  >\n\t\t\t\t<div class=\"col-inner\"  >\n\t\t\t\n\t\t\t\n<h3 class=\"plutobold\" style=\"padding: 0px 10px; font-size: 24px; line-height: 26px;\">&nbsp;<br \/>Precious resources<\/h3>\n\t<div class=\"img has-hover x md-x lg-x y md-y lg-y\" id=\"image_1820951870\">\n\t\t\t\t\t\t\t\t<div class=\"img-inner dark\" >\n\t\t\t<img width=\"350\" height=\"200\" src=\"https:\/\/www.riomare.se\/wp-content\/uploads\/2018\/04\/TO-O-008_L_crostone-andrea.png\" class=\"attachment-large size-large\" alt=\"\" decoding=\"async\" loading=\"lazy\" srcset=\"https:\/\/www.riomare.se\/wp-content\/uploads\/2018\/04\/TO-O-008_L_crostone-andrea.png 350w, https:\/\/www.riomare.se\/wp-content\/uploads\/2018\/04\/TO-O-008_L_crostone-andrea-300x171.png 300w\" sizes=\"(max-width: 350px) 100vw, 350px\" \/>\t\t\t\t\t\t\n\t\t\t\t\t<\/div>\n\t\t\t\t\t\t\t\t\n<style>\n#image_1820951870 {\n  width: 100%;\n}\n<\/style>\n\t<\/div>\n\t\n<p style=\"font-size: 16px; line-height: 20px; padding: 0px 10px !important;\">Thanks to its high protein content, 100g of drained tuna provides approximately one tenth of the total daily protein requirement of a healthy adult.<\/p>\n<p class=\"plutobold uppercase\" style=\"margin-top: 30px !important; font-size: 18px; padding: 0px 10px !important;\"><a href=\"\/precious-resources\/\">Read More<\/a><\/p>\n\t\t<\/div>\n\t\t\t\t\n<style>\n#col-361985196 > .col-inner {\n  padding: 100px 10px 30px 10px;\n}\n<\/style>\n\t<\/div>\n\n\t\n\n\t<div id=\"col-1577142336\" class=\"col linkcrescerecongusto medium-6 small-12 large-3\"  >\n\t\t\t\t<div class=\"col-inner\"  >\n\t\t\t\n\t\t\t\n<h3 class=\"plutobold\" style=\"padding: 0px 10px; font-size: 24px; line-height: 26px;\">Rio Mare for stronger children<\/h3>\n\t<div class=\"img has-hover x md-x lg-x y md-y lg-y\" id=\"image_430143123\">\n\t\t<a class=\"\" href=\"\/il-pesce-rio-mare-per-i-bambini\/\"  >\t\t\t\t\t\t<div class=\"img-inner dark\" >\n\t\t\t<img width=\"350\" height=\"200\" src=\"https:\/\/www.riomare.se\/wp-content\/uploads\/2018\/04\/shutterstock_727282390.png\" class=\"attachment-large size-large\" alt=\"\" decoding=\"async\" loading=\"lazy\" srcset=\"https:\/\/www.riomare.se\/wp-content\/uploads\/2018\/04\/shutterstock_727282390.png 350w, https:\/\/www.riomare.se\/wp-content\/uploads\/2018\/04\/shutterstock_727282390-300x171.png 300w\" sizes=\"(max-width: 350px) 100vw, 350px\" \/>\t\t\t\t\t\t\n\t\t\t\t\t<\/div>\n\t\t\t\t\t\t<\/a>\t\t\n<style>\n#image_430143123 {\n  width: 100%;\n}\n<\/style>\n\t<\/div>\n\t\n<p style=\"font-size: 16px; line-height: 20px; padding: 0px 10px !important;\">Fish is an essential foodstuff for everyone, especially for children! Rio Mare Tuna is a practical, healthy way of introducing fish into children\u2019s diets.<\/p>\n<p class=\"plutobold uppercase\" style=\"margin-top: 30px !important; font-size: 18px; padding: 0px 10px !important;\"><a href=\"\/rio-mare-for-healthier-stronger-children\/\">Read More<\/a><\/p>\n\t\t<\/div>\n\t\t\t\t\n<style>\n#col-1577142336 > .col-inner {\n  padding: 100px 10px 30px 10px;\n}\n<\/style>\n\t<\/div>\n\n\t\n\n\t<div id=\"col-159547220\" class=\"col linkbenesserepochecalorie medium-6 small-12 large-3\"  >\n\t\t\t\t<div class=\"col-inner\"  >\n\t\t\t\n\t\t\t\n<h3 class=\"plutobold\" style=\"padding: 0px 10px; font-size: 24px; line-height: 26px;\">Wellness in a few calories<\/h3>\n\t<div class=\"img has-hover x md-x lg-x y md-y lg-y\" id=\"image_980818881\">\n\t\t<a class=\"\" href=\"\/il-benessere-in-poche-calorie\/\"  >\t\t\t\t\t\t<div class=\"img-inner dark\" >\n\t\t\t<img width=\"350\" height=\"200\" src=\"https:\/\/www.riomare.se\/wp-content\/uploads\/2018\/04\/Livello-116.jpg\" class=\"attachment-large size-large\" alt=\"\" decoding=\"async\" loading=\"lazy\" srcset=\"https:\/\/www.riomare.se\/wp-content\/uploads\/2018\/04\/Livello-116.jpg 350w, https:\/\/www.riomare.se\/wp-content\/uploads\/2018\/04\/Livello-116-300x171.jpg 300w\" sizes=\"(max-width: 350px) 100vw, 350px\" \/>\t\t\t\t\t\t\n\t\t\t\t\t<\/div>\n\t\t\t\t\t\t<\/a>\t\t\n<style>\n#image_980818881 {\n  width: 100%;\n}\n<\/style>\n\t<\/div>\n\t\n<p style=\"font-size: 16px; line-height: 20px; padding: 0px 10px !important;\">Rio Mare products are lighter and more nutritious than many foods that are often found on our table: we have compared them to offer you tasty alternatives.<\/p>\n<p class=\"plutobold uppercase\" style=\"margin-top: 30px !important; font-size: 18px; padding: 0px 10px !important;\"><a href=\"\/check-the-nutritional-facts\/\">Read More<\/a><\/p>\n\t\t<\/div>\n\t\t\t\t\n<style>\n#col-159547220 > .col-inner {\n  padding: 100px 10px 30px 10px;\n}\n<\/style>\n\t<\/div>\n\n\t\n<\/div>\n\t\t<\/div>\n\n\t\t\n<style>\n#section_1892631107 {\n  padding-top: 70px;\n  padding-bottom: 70px;\n  background-color: rgb(81, 159, 201);\n}\n#section_1892631107 .ux-shape-divider--top svg {\n  height: 150px;\n  --divider-top-width: 100%;\n}\n#section_1892631107 .ux-shape-divider--bottom svg {\n  height: 150px;\n  --divider-width: 100%;\n}\n<\/style>\n\t<\/section>\n\t\n\t<section class=\"section sliderhomepage sliderproducts\" id=\"section_906641135\">\n\t\t<div class=\"bg section-bg fill bg-fill  bg-loaded\" >\n\n\t\t\t\n\t\t\t\n\t\t\t\n\n\t\t<\/div>\n\n\t\t\n\n\t\t<div class=\"section-content relative\">\n\t\t\t\n<div class=\"slider-wrapper relative\" id=\"slider-759789494\" >\n    <div class=\"slider slider-nav-simple slider-nav-large slider-nav-light slider-style-normal slider-show-nav\"\n        data-flickity-options='{\n            \"cellAlign\": \"center\",\n            \"imagesLoaded\": true,\n            \"lazyLoad\": 1,\n            \"freeScroll\": false,\n            \"wrapAround\": true,\n            \"autoPlay\": 4000,\n            \"pauseAutoPlayOnHover\" : true,\n            \"prevNextButtons\": true,\n            \"contain\" : true,\n            \"adaptiveHeight\" : true,\n            \"dragThreshold\" : 10,\n            \"percentPosition\": true,\n            \"pageDots\": true,\n            \"rightToLeft\": false,\n            \"draggable\": true,\n            \"selectedAttraction\": 0.1,\n            \"parallax\" : 0,\n            \"friction\": 0.6        }'\n        >\n        \n\n  <div class=\"banner has-hover\" id=\"banner-793969424\">\n          <div class=\"banner-inner fill\">\n        <div class=\"banner-bg fill\" >\n            <div class=\"bg fill bg-fill \"><\/div>\n                                    \n                    <\/div>\n\t\t\n        <div class=\"banner-layers container\">\n            <div class=\"fill banner-link\"><\/div>            \n   <div id=\"text-box-341649655\" class=\"text-box banner-layer x50 md-x0 lg-x0 y90 md-y90 lg-y90 res-text\">\n                                <div class=\"text-box-content text \">\n              \n              <div class=\"text-inner text-center\">\n                  \n<div class=\"bannerbox\" style=\"text-align: left;\">\n<h1 class=\"uppercase plutobold\" style=\"font-size: 30px; line-height: 34px; letter-spacing: -2px;\"><strong>tuna<\/strong><\/h1>\n<p class=\"plutoregular bannersubtitle\" style=\"padding-top: 20px!important; padding-bottom: 30px!important;\">Unique taste, high quality and practicality in one product. Rio Mare canned tuna is a precious source of proteins, vitamins and minerals.<\/p>\n<\/div>\n<a href=\"\/products\/all-tuna\/\" target=\"_self\" class=\"button primary bannerbutton bannerbuttoncolor2\"  >\n    <span>Discover the products<\/span>\n  <\/a>\n\n              <\/div>\n           <\/div>\n                            \n<style>\n#text-box-341649655 .text-box-content {\n  background-color: rgb(255, 255, 255);\n  font-size: 100%;\n}\n#text-box-341649655 .text-inner {\n  padding: 50px 50px 0px 50px;\n}\n#text-box-341649655 {\n  width: 90%;\n}\n@media (min-width:550px) {\n  #text-box-341649655 {\n    width: 80%;\n  }\n}\n@media (min-width:850px) {\n  #text-box-341649655 {\n    width: 30%;\n  }\n}\n<\/style>\n    <\/div>\n \n        <\/div>\n      <\/div>\n\n            \n<style>\n#banner-793969424 {\n  padding-top: 700px;\n}\n#banner-793969424 .bg.bg-loaded {\n  background-image: url(https:\/\/www.riomare.se\/wp-content\/uploads\/2018\/06\/header-pagina-tonno-1024x427.png);\n}\n#banner-793969424 .bg {\n  background-position: center;\n}\n#banner-793969424 .ux-shape-divider--top svg {\n  height: 150px;\n  --divider-top-width: 100%;\n}\n#banner-793969424 .ux-shape-divider--bottom svg {\n  height: 150px;\n  --divider-width: 100%;\n}\n<\/style>\n  <\/div>\n\n\n\n  <div class=\"banner has-hover\" id=\"banner-968890885\">\n          <div class=\"banner-inner fill\">\n        <div class=\"banner-bg fill\" >\n            <div class=\"bg fill bg-fill \"><\/div>\n                                    \n                    <\/div>\n\t\t\n        <div class=\"banner-layers container\">\n            <div class=\"fill banner-link\"><\/div>            \n   <div id=\"text-box-1029342004\" class=\"text-box banner-layer x50 md-x0 lg-x0 y90 md-y90 lg-y90 res-text\">\n                                <div class=\"text-box-content text \">\n              \n              <div class=\"text-inner text-center\">\n                  \n<div class=\"bannerbox\" style=\"text-align: left;\">\n<h1 class=\"uppercase plutobold\" style=\"font-size: 30px; line-height: 34px; letter-spacing: -2px;\"><strong>mackerel<\/strong><\/h1>\n<p class=\"plutoregular bannersubtitle\" style=\"padding-top: 20px!important; padding-bottom: 30px!important;\">Try Rio Mare canned mackerel,<br \/>\na perfect combination of<br \/>\nhealth and taste: all the<br \/>\nnutritional properties of blue<br \/>\nfish ready to enjoy<\/p>\n<\/div>\n<a href=\"\/products\/mackerel\" target=\"_self\" class=\"button primary bannerbutton bannerbuttoncolor2\"  >\n    <span>Discover the products<\/span>\n  <\/a>\n\n              <\/div>\n           <\/div>\n                            \n<style>\n#text-box-1029342004 .text-box-content {\n  background-color: rgb(255, 255, 255);\n  font-size: 100%;\n}\n#text-box-1029342004 .text-inner {\n  padding: 50px 50px 0px 50px;\n}\n#text-box-1029342004 {\n  width: 90%;\n}\n@media (min-width:550px) {\n  #text-box-1029342004 {\n    width: 80%;\n  }\n}\n@media (min-width:850px) {\n  #text-box-1029342004 {\n    width: 30%;\n  }\n}\n<\/style>\n    <\/div>\n \n        <\/div>\n      <\/div>\n\n            \n<style>\n#banner-968890885 {\n  padding-top: 700px;\n}\n#banner-968890885 .bg.bg-loaded {\n  background-image: url(https:\/\/www.riomare.se\/wp-content\/uploads\/2018\/06\/markerel.jpg);\n}\n#banner-968890885 .bg {\n  background-position: center;\n}\n#banner-968890885 .ux-shape-divider--top svg {\n  height: 150px;\n  --divider-top-width: 100%;\n}\n#banner-968890885 .ux-shape-divider--bottom svg {\n  height: 150px;\n  --divider-width: 100%;\n}\n<\/style>\n  <\/div>\n\n\n     <\/div>\n\n     <div class=\"loading-spin dark large centered\"><\/div>\n\n          <style>\n            #slider-759789494 .flickity-slider > * { max-width: 100% !important; }\n     <\/style>\n     \t<\/div>\n\n\n\t\t<\/div>\n\n\t\t\n<style>\n#section_906641135 {\n  padding-top: 0px;\n  padding-bottom: 0px;\n}\n#section_906641135 .ux-shape-divider--top svg {\n  height: 150px;\n  --divider-top-width: 100%;\n}\n#section_906641135 .ux-shape-divider--bottom svg {\n  height: 150px;\n  --divider-width: 100%;\n}\n<\/style>\n\t<\/section>\n\t\n","protected":false},"excerpt":{"rendered":"","protected":false},"author":4,"featured_media":0,"parent":0,"menu_order":0,"comment_status":"closed","ping_status":"closed","template":"page-blank.php","meta":[],"acf":[],"yoast_head":"<!-- This site is optimized with the Yoast SEO plugin v20.11 - https:\/\/yoast.com\/wordpress\/plugins\/seo\/ -->\n<title>Rio Mare for healthier, stronger children - Rio Mare Sverige<\/title>\n<meta name=\"description\" content=\"Il pesce \u00e8 un alimento prezioso per i bambini perch\u00e9 \u00e8 ricco di proteine e contiene vitamine e sali minerali- La carne di salmone \u00e8 fonte di Iodio, che contribuisce alla normale crescita dei bambini, ed \u00e8 ricca di vitamina B12 e niacina.\" \/>\n<meta name=\"robots\" content=\"noindex, follow, max-snippet:-1, max-image-preview:large, max-video-preview:-1\" \/>\n<meta property=\"og:locale\" content=\"en_US\" \/>\n<meta property=\"og:type\" content=\"article\" \/>\n<meta property=\"og:title\" content=\"Rio Mare for healthier, stronger children - Rio Mare Sverige\" \/>\n<meta property=\"og:description\" content=\"Il pesce \u00e8 un alimento prezioso per i bambini perch\u00e9 \u00e8 ricco di proteine e contiene vitamine e sali minerali- La carne di salmone \u00e8 fonte di Iodio, che contribuisce alla normale crescita dei bambini, ed \u00e8 ricca di vitamina B12 e niacina.\" \/>\n<meta property=\"og:url\" content=\"https:\/\/www.riomare.se\/en\/rio-mare-for-healthier-stronger-children\/\" \/>\n<meta property=\"og:site_name\" content=\"Rio Mare Sverige\" \/>\n<meta property=\"article:modified_time\" content=\"2019-05-23T14:15:41+00:00\" \/>\n<meta name=\"twitter:card\" content=\"summary_large_image\" \/>\n<meta name=\"twitter:label1\" content=\"Est. reading time\" \/>\n\t<meta name=\"twitter:data1\" content=\"3 minutes\" \/>\n<script type=\"application\/ld+json\" class=\"yoast-schema-graph\">{\"@context\":\"https:\/\/schema.org\",\"@graph\":[{\"@type\":\"WebPage\",\"@id\":\"https:\/\/www.riomare.se\/en\/rio-mare-for-healthier-stronger-children\/\",\"url\":\"https:\/\/www.riomare.se\/en\/rio-mare-for-healthier-stronger-children\/\",\"name\":\"Rio Mare for healthier, stronger children - Rio Mare Sverige\",\"isPartOf\":{\"@id\":\"https:\/\/www.riomare.se\/en\/#website\"},\"datePublished\":\"2018-03-21T19:28:47+00:00\",\"dateModified\":\"2019-05-23T14:15:41+00:00\",\"description\":\"Il pesce \u00e8 un alimento prezioso per i bambini perch\u00e9 \u00e8 ricco di proteine e contiene vitamine e sali minerali- La carne di salmone \u00e8 fonte di Iodio, che contribuisce alla normale crescita dei bambini, ed \u00e8 ricca di vitamina B12 e niacina.\",\"inLanguage\":\"en-US\",\"potentialAction\":[{\"@type\":\"ReadAction\",\"target\":[\"https:\/\/www.riomare.se\/en\/rio-mare-for-healthier-stronger-children\/\"]}]},{\"@type\":\"WebSite\",\"@id\":\"https:\/\/www.riomare.se\/en\/#website\",\"url\":\"https:\/\/www.riomare.se\/en\/\",\"name\":\"Rio Mare Sverige\",\"description\":\"Rio Mare\",\"potentialAction\":[{\"@type\":\"SearchAction\",\"target\":{\"@type\":\"EntryPoint\",\"urlTemplate\":\"https:\/\/www.riomare.se\/en\/?s={search_term_string}\"},\"query-input\":\"required name=search_term_string\"}],\"inLanguage\":\"en-US\"}]}<\/script>\n<!-- \/ Yoast SEO plugin. -->","yoast_head_json":{"title":"Rio Mare for healthier, stronger children - Rio Mare Sverige","description":"Il pesce \u00e8 un alimento prezioso per i bambini perch\u00e9 \u00e8 ricco di proteine e contiene vitamine e sali minerali- La carne di salmone \u00e8 fonte di Iodio, che contribuisce alla normale crescita dei bambini, ed \u00e8 ricca di vitamina B12 e niacina.","robots":{"index":"noindex","follow":"follow","max-snippet":"max-snippet:-1","max-image-preview":"max-image-preview:large","max-video-preview":"max-video-preview:-1"},"og_locale":"en_US","og_type":"article","og_title":"Rio Mare for healthier, stronger children - Rio Mare Sverige","og_description":"Il pesce \u00e8 un alimento prezioso per i bambini perch\u00e9 \u00e8 ricco di proteine e contiene vitamine e sali minerali- La carne di salmone \u00e8 fonte di Iodio, che contribuisce alla normale crescita dei bambini, ed \u00e8 ricca di vitamina B12 e niacina.","og_url":"https:\/\/www.riomare.se\/en\/rio-mare-for-healthier-stronger-children\/","og_site_name":"Rio Mare Sverige","article_modified_time":"2019-05-23T14:15:41+00:00","twitter_card":"summary_large_image","twitter_misc":{"Est. reading time":"3 minutes"},"schema":{"@context":"https:\/\/schema.org","@graph":[{"@type":"WebPage","@id":"https:\/\/www.riomare.se\/en\/rio-mare-for-healthier-stronger-children\/","url":"https:\/\/www.riomare.se\/en\/rio-mare-for-healthier-stronger-children\/","name":"Rio Mare for healthier, stronger children - Rio Mare Sverige","isPartOf":{"@id":"https:\/\/www.riomare.se\/en\/#website"},"datePublished":"2018-03-21T19:28:47+00:00","dateModified":"2019-05-23T14:15:41+00:00","description":"Il pesce \u00e8 un alimento prezioso per i bambini perch\u00e9 \u00e8 ricco di proteine e contiene vitamine e sali minerali- La carne di salmone \u00e8 fonte di Iodio, che contribuisce alla normale crescita dei bambini, ed \u00e8 ricca di vitamina B12 e niacina.","inLanguage":"en-US","potentialAction":[{"@type":"ReadAction","target":["https:\/\/www.riomare.se\/en\/rio-mare-for-healthier-stronger-children\/"]}]},{"@type":"WebSite","@id":"https:\/\/www.riomare.se\/en\/#website","url":"https:\/\/www.riomare.se\/en\/","name":"Rio Mare Sverige","description":"Rio Mare","potentialAction":[{"@type":"SearchAction","target":{"@type":"EntryPoint","urlTemplate":"https:\/\/www.riomare.se\/en\/?s={search_term_string}"},"query-input":"required name=search_term_string"}],"inLanguage":"en-US"}]}},"_links":{"self":[{"href":"https:\/\/www.riomare.se\/en\/wp-json\/wp\/v2\/pages\/2593"}],"collection":[{"href":"https:\/\/www.riomare.se\/en\/wp-json\/wp\/v2\/pages"}],"about":[{"href":"https:\/\/www.riomare.se\/en\/wp-json\/wp\/v2\/types\/page"}],"author":[{"embeddable":true,"href":"https:\/\/www.riomare.se\/en\/wp-json\/wp\/v2\/users\/4"}],"replies":[{"embeddable":true,"href":"https:\/\/www.riomare.se\/en\/wp-json\/wp\/v2\/comments?post=2593"}],"version-history":[{"count":27,"href":"https:\/\/www.riomare.se\/en\/wp-json\/wp\/v2\/pages\/2593\/revisions"}],"predecessor-version":[{"id":3913,"href":"https:\/\/www.riomare.se\/en\/wp-json\/wp\/v2\/pages\/2593\/revisions\/3913"}],"wp:attachment":[{"href":"https:\/\/www.riomare.se\/en\/wp-json\/wp\/v2\/media?parent=2593"}],"curies":[{"name":"wp","href":"https:\/\/api.w.org\/{rel}","templated":true}]}}